{"id":456,"date":"2022-01-24T11:52:35","date_gmt":"2022-01-24T10:52:35","guid":{"rendered":"https:\/\/informatik.slotshaven.it\/wordpress\/?page_id=456"},"modified":"2023-02-02T06:01:22","modified_gmt":"2023-02-02T05:01:22","slug":"google-forms","status":"publish","type":"page","link":"https:\/\/informatik.slotshaven.it\/wordpress\/google-forms\/","title":{"rendered":"Google Forms \/ Google Analyse"},"content":{"rendered":"\n<p>Google Forms (som p\u00e5 dansk nu hedder Google Analyse) er et v\u00e6rkt\u00f8j til at lave sp\u00f8rgeskemaer, som Google stiller til r\u00e5dighed. Man kan oprette et sp\u00f8rgeskema, hvis man har en Google-konto, og alle med adgang til sp\u00f8rgeskemaet kan svare. Besvarelserne samles op i et Google Sheet (et regneark), og kan tr\u00e6kkes ud og analyseres efter behov. I det f\u00f8lgende gennemg\u00e5r vi hovedtr\u00e6kkene i oprettelsen af et sp\u00f8rgeskema, s\u00e5dan som det fx kan g\u00f8res i forbindelse med HHX SO1.<\/p>\n\n\n\n<h2 class=\"wp-block-heading\" id=\"oversigt\">Oversigt<\/h2>\n\n\n\n<ul class=\"wp-block-list\">\n<li><a href=\"#Trin1\">Trin 1: Opret formularen<\/a><\/li>\n\n\n\n<li><a href=\"#Trin2\">Trin 2: Formul\u00e9r dine sp\u00f8rgsm\u00e5l<\/a><a href=\"http:\/\/betingede-sporgsmal\" data-type=\"URL\" data-id=\"betingede-sporgsmal\"><\/a>\n<ul class=\"wp-block-list\">\n<li><a href=\"#sporgsmalstyper\" data-type=\"URL\">Sp\u00f8rgsm\u00e5lstyper<\/a><\/li>\n\n\n\n<li><a href=\"#sektioner\">Sektioner<\/a><\/li>\n\n\n\n<li><a href=\"#betingede-sporgsmal\">Betingede sp\u00f8rgsm\u00e5l<\/a><\/li>\n<\/ul>\n<\/li>\n\n\n\n<li><a href=\"#Trin3\">Trin 3: Test sp\u00f8rgeskemaet<\/a><\/li>\n\n\n\n<li><a href=\"#Trin4\">Trin 4: Udgiv sp\u00f8rgeskemaet<\/a><\/li>\n\n\n\n<li><a href=\"#Trin5\">Trin 5: Hent besvarelserne<\/a><\/li>\n<\/ul>\n\n\n<div class=\"lightweight-accordion\"><details><summary class=\"lightweight-accordion-title\"><p>Googles cloud-platform<\/p><\/summary><div class=\"lightweight-accordion-body\">\n\n<p>Google Forms er en del af Googles efterh\u00e5nden ret omfattende suite af online v\u00e6rkt\u00f8jer &#8211; sammen med Google Docs, Google Sheets, Google Slides, Draw.io og mange andre ting. De er frit tilg\u00e6ngelige, n\u00e5r blot man har en Google account (og det har de allerfleste nu om dage), og de gemmes p\u00e5 Google Drive.<\/p>\n\n\n\n<p>EU har et s\u00e6t regler (GDPR, i Danmark &#8220;Persondataforordningen&#8221;) for hvordan EU-borgernes data kan og skal h\u00e5ndteres. Et af kravene er, at disse data &#8211; ogs\u00e5 alle disse forskellige bruger-oprettede filer og dokumenter &#8211; skal lagres p\u00e5 servere inden for EU og ikke uden eksplicit samtykke m\u00e5 overf\u00f8res til eksempelvis USA, hvor EU-lovgivningen ikke g\u00e6lder. Et andet krav er, at man ikke m\u00e5 sp\u00f8rge efter &#8220;f\u00f8lsomme&#8221; personoplysninger uden eksplicit tilladelse, og at man generelt ikke m\u00e5 opbevare data, der kan henf\u00f8res til bestemte personer, l\u00e6ngere end n\u00f8dvendigt. Det er en god ide at overveje n\u00f8je, om man nu ogs\u00e5 har behov for s\u00e5danne oplysninger (mailadresser, billeder, brugernavne), eller om de kan undv\u00e6res i unders\u00f8gelsen.<\/p>\n\n<\/div><\/details><\/div>\n\n\n<h2 class=\"wp-block-heading\" id=\"Trin1\">Trin 1: Opret formularen p\u00e5 dit Google Drive<\/h2>\n\n\n\n<p>Det er meget, meget nemt &#8211; fuldst\u00e6ndig som at lave et Google Docs. Husk at give formularen en fornuftig, meningsfuld (for modtageren) <strong>titel<\/strong>.<\/p>\n\n\n\n<p>\u00d8verst i vinduet er der tre &#8220;faneblade&#8221;: <\/p>\n\n\n\n<ul class=\"wp-block-list\">\n<li>&#8220;<strong>Sp\u00f8rgsm\u00e5l<\/strong>&#8220;, hvor man udarbejder sp\u00f8rgsm\u00e5lene &#8211; se nedenfor<\/li>\n\n\n\n<li>&#8220;<strong>Svar<\/strong>&#8220;, hvor man styrer hvor svarene opsamles. <strong><em>Det er en god ide med det samme at oprette et regneark (Google Sheet), som systemet kan putte svarene ind i. <\/em><\/strong>S\u00e5 kan alle i gruppen lettere f\u00e5 adgang til besvarelserne. <\/li>\n\n\n\n<li>&#8220;<strong>Indstillinger<\/strong>&#8220;, hvor man blandt andet styrer om folk skal v\u00e6re logget ind for at kunne svare (hvis man vil sikre sig mod svar-spamming, eller lade folk se alle svar bagefter. Det rejser til geng\u00e6ld tvivl hos respondenterne om anonymiteten, og det er sj\u00e6ldent relevant ved unders\u00f8gelser som dem i SO1). Standard indstillingerne er i reglen udm\u00e6rkede at beholde.<\/li>\n<\/ul>\n\n\n\n<h2 class=\"wp-block-heading\" id=\"Trin2\">Trin 2: Formul\u00e9r dine sp\u00f8rgsm\u00e5l<\/h2>\n\n\n\n<p>Her er der flere ting, der skal overvejes omhyggeligt: 1) <strong>Typen <\/strong>af hvert sp\u00f8rgsm\u00e5l &#8211; som jo afh\u00e6nger helt og holdent af form\u00e5let med unders\u00f8gelsen &#8211; 2) Den pr\u00e6cise <strong>ordlyd <\/strong>af <strong>sp\u00f8rgsm\u00e5let <\/strong>og ikke mindst af <strong>svarmulighederne<\/strong> og 3) <strong>R\u00e6kkef\u00f8lgen <\/strong>og grupperingen af sp\u00f8rgsm\u00e5lene. <\/p>\n\n\n\n<h3 class=\"wp-block-heading\" id=\"sporgsmalstyper\">Sp\u00f8rgsm\u00e5lstyper<\/h3>\n\n\n\n<div class=\"wp-block-media-text alignwide has-media-on-the-right is-stacked-on-mobile is-vertically-aligned-top\" style=\"grid-template-columns:auto 33%\"><div class=\"wp-block-media-text__content\">\n<ul class=\"wp-block-list\">\n<li>\u00c5bne sp\u00f8rgsm\u00e5l:\n<ul class=\"wp-block-list\">\n<li>&#8220;<strong>Kort svar<\/strong>&#8221; eller &#8220;<strong>Afsnit<\/strong>&#8220;. <\/li>\n\n\n\n<li>Respondenten skriver sit svar som almindelig, selvvalgt tekst. Anvendes til kvalitative unders\u00f8gelser eller til supplerende bem\u00e6rkninger.<\/li>\n<\/ul>\n<\/li>\n\n\n\n<li>Lukkede kategorier:\n<ul class=\"wp-block-list\">\n<li>&#8220;<strong>Flere svarmuligheder<\/strong>&#8221; (hvor en og kun en af mulighederne kan v\u00e6lges &#8211; kan v\u00e6re enten tal, talintervaller eller tekst), <\/li>\n\n\n\n<li>&#8220;<strong>Afkrydsningsfelter<\/strong>&#8221; (hvor respondenten kan afkrydse flere muligheder samtidig, hvis det er relevant), samt <\/li>\n\n\n\n<li>&#8220;<strong>Rullemenu<\/strong>&#8221; (AKA Drop-down menu, hvor respondenten udv\u00e6lger en og kun en af mulighederne p\u00e5 en liste).<\/li>\n<\/ul>\n<\/li>\n\n\n\n<li>Kvantitative vurderinger:\n<ul class=\"wp-block-list\">\n<li>&#8220;<strong>Line\u00e6r skala<\/strong>&#8221; (hvor respondenten kan tilkendegive graden af enighed, tilfredshed, frustration eller andre former for gradering eller karaktergivning. Kan ogs\u00e5 have tekst-etiketter, men talv\u00e6rdien ligger neden under).<\/li>\n<\/ul>\n<\/li>\n<\/ul>\n<\/div><figure class=\"wp-block-media-text__media\"><img loading=\"lazy\" decoding=\"async\" width=\"417\" height=\"845\" src=\"https:\/\/informatik.slotshaven.it\/wordpress\/wp-content\/uploads\/2023\/02\/GoogleForms_Spoergsmaalstyper.png\" alt=\"\" class=\"wp-image-732 size-full\" srcset=\"https:\/\/informatik.slotshaven.it\/wordpress\/wp-content\/uploads\/2023\/02\/GoogleForms_Spoergsmaalstyper.png 417w, https:\/\/informatik.slotshaven.it\/wordpress\/wp-content\/uploads\/2023\/02\/GoogleForms_Spoergsmaalstyper-148x300.png 148w\" sizes=\"auto, (max-width: 417px) 100vw, 417px\" \/><\/figure><\/div>\n\n\n\n<p>De \u00f8vrige typer giver sig selv, og som\/ regel er hverken &#8220;Filupload&#8221;, &#8220;Dato&#8221; eller &#8220;Tidspunkt&#8221; relevante i et egentligt sp\u00f8rgeskema.<\/p>\n\n\n\n<div class=\"wp-block-media-text alignwide is-stacked-on-mobile is-vertically-aligned-top\" style=\"grid-template-columns:61% auto\"><figure class=\"wp-block-media-text__media\"><img loading=\"lazy\" decoding=\"async\" width=\"1024\" height=\"431\" src=\"https:\/\/informatik.slotshaven.it\/wordpress\/wp-content\/uploads\/2023\/02\/GoogleForms_LineaerSpoergsmaal-1024x431.png\" alt=\"\" class=\"wp-image-730 size-full\" srcset=\"https:\/\/informatik.slotshaven.it\/wordpress\/wp-content\/uploads\/2023\/02\/GoogleForms_LineaerSpoergsmaal-1024x431.png 1024w, https:\/\/informatik.slotshaven.it\/wordpress\/wp-content\/uploads\/2023\/02\/GoogleForms_LineaerSpoergsmaal-300x126.png 300w, https:\/\/informatik.slotshaven.it\/wordpress\/wp-content\/uploads\/2023\/02\/GoogleForms_LineaerSpoergsmaal-768x323.png 768w, https:\/\/informatik.slotshaven.it\/wordpress\/wp-content\/uploads\/2023\/02\/GoogleForms_LineaerSpoergsmaal.png 1153w\" sizes=\"auto, (max-width: 1024px) 100vw, 1024px\" \/><\/figure><div class=\"wp-block-media-text__content\">\n<p>Tillige kan man for hvert sp\u00f8rgsm\u00e5l v\u00e6lge at inds\u00e6tte et billede (foroven), en beskrivelse (prikkerne nederst til h\u00f8jre), samt angive, om det er obligatorisk at svare eller om respondenten kan springe det over. <\/p>\n<\/div><\/div>\n\n\n\n<p>Bj\u00e6lken ude til h\u00f8jre er en &#8220;v\u00e6rkt\u00f8jskasse&#8221;, som giver mulighed for at tilf\u00f8je nye sp\u00f8rgsm\u00e5l og elementer. Den handler alts\u00e5 ikke om det sp\u00f8rgsm\u00e5l, du er i gang med at lave, men giver dig en vej videre, n\u00e5r du er f\u00e6rdig med det.<\/p>\n\n\n\n<h3 class=\"wp-block-heading\" id=\"sektioner\">Sektioner<\/h3>\n\n\n\n<p>Sektioner (nederste ikon i v\u00e6rkt\u00f8jskassen) er en god m\u00e5de at skabe overblik p\u00e5, b\u00e5de for dig der laver sp\u00f8rgeskemaet og for respondenten, der skal besvare. Hver sektion kan have en overskrift og en kort beskrivelse. Sp\u00f8rgsm\u00e5l i en sektion bliver vist sammen p\u00e5 en side i browseren, og n\u00e5r man har svaret p\u00e5 dem. Der er altid som minimum en sektion.<\/p>\n\n\n\n<h3 class=\"wp-block-heading\" id=\"betingede-sporgsmal\">Betingede sp\u00f8rgsm\u00e5l<\/h3>\n\n\n\n<p>Endvidere skal man overveje, om det er alle respondenterne, der skal svare p\u00e5 et sp\u00f8rgsm\u00e5l\/en sektion af sp\u00f8rgsm\u00e5l, eller kun en del af dem, baseret p\u00e5 deres tidligere svar. <\/p>\n\n\n\n<blockquote class=\"wp-block-quote is-style-default is-layout-flow wp-block-quote-is-layout-flow\" style=\"font-size:12px;font-style:normal;font-weight:300\">\n<p><em>Eksempelvis: Hvis man har spurgt folk om de er i arbejde eller er pensionister, s\u00e5 giver det jo mest mening kun at sp\u00f8rge dem der IKKE er pensionister om, hvordan de kommer p\u00e5 arbejde.<\/em><\/p>\n<\/blockquote>\n\n\n\n<p>Det kaldes &#8220;<strong>Betingede sp\u00f8rgsm\u00e5l<\/strong>&#8220;, og det kan Google Forms ogs\u00e5 (til forskel fra sp\u00f8rgeskemaer i Lectio). Det giver mindre irritation for respondenten, hvis man undg\u00e5r at stille irrelevante sp\u00f8rgsm\u00e5l, og det giver bedre data hvis ikke der optr\u00e6der svar som er uden betydning.<\/p>\n\n\n\n<p>Det er kun en valgmulighed for de sp\u00f8rgsm\u00e5l, hvor respondenten SKAL v\u00e6lge netop en mulighed (&#8220;Flere svarmuligheder&#8221; samt &#8220;Rullemenu&#8221;), og den kan findes under de tre prikker forneden til h\u00f8jre. Her kan man sende respondenten videre til forskellige sektioner afh\u00e6ngigt af svaret p\u00e5 det p\u00e5g\u00e6ldende sp\u00f8rgsm\u00e5l. <\/p>\n\n\n\n<h2 class=\"wp-block-heading\" id=\"trin-3-test-dit-sporgeskema\">Trin 3: Test dit sp\u00f8rgeskema<\/h2>\n\n\n\n<p>N\u00e5r sp\u00f8rgsm\u00e5lene er lavet (og korrekturl\u00e6st) er det en god ide at teste dem p\u00e5 en lille gruppe, som helst skal passe med m\u00e5lgruppen, og som ikke har v\u00e6ret med til at lave sp\u00f8rgsm\u00e5lene. Det er meget nemt at tage noget for givet, fordi man selv har brugt lang tid p\u00e5 at snakke om det, men som ikke er kendt eller meningsfuldt for udenforst\u00e5ende.<\/p>\n\n\n\n<p>Typisk kan du bede nogle andre i klassen, eller nogle i familien eller blandt vennerne, om at l\u00f8be sp\u00f8rgeskemaet igennem og besvare det. Her er det afg\u00f8rende, at du ikke begynder at hj\u00e6lpe eller forklare, hvis folk g\u00e5r i st\u00e5 eller kommer i tvivl &#8211; lyt, tag noter, og ret derp\u00e5 sp\u00f8rgsm\u00e5lene eller bekrivelserne til, s\u00e5 de kan st\u00e5 selv uden din hj\u00e6lp. Det skal de kunne, n\u00e5r du udgiver sp\u00f8rgeskemaet &#8220;for real&#8221;.<\/p>\n\n\n\n<h2 class=\"wp-block-heading\" id=\"trin-4-udgiv-dit-sporgeskema\">Trin 4: Udgiv dit sp\u00f8rgeskema<\/h2>\n\n\n\n<div class=\"wp-block-media-text alignwide has-media-on-the-right is-stacked-on-mobile is-vertically-aligned-top\"><div class=\"wp-block-media-text__content\">\n<p>At udgive sp\u00f8rgeskemaet er lige s\u00e5 nemt som at dele et Google Doc. Du trykker &#8220;Send&#8221; oppe i h\u00f8jre hj\u00f8rne af sk\u00e6rmen og f\u00e5r da en dialogboks som vist her. I SO1 vil det i reglen v\u00e6re et link du har brug for &#8211; som her &#8211; men man kan ogs\u00e5 bruge sociale medier direkte, email eller indlejre formularen i en webside. Det er ofte en fordel at forkorte webadressen.<\/p>\n<\/div><figure class=\"wp-block-media-text__media\"><img loading=\"lazy\" decoding=\"async\" width=\"669\" height=\"369\" src=\"https:\/\/informatik.slotshaven.it\/wordpress\/wp-content\/uploads\/2023\/02\/GoogleForms_SendFormular.png\" alt=\"\" class=\"wp-image-731 size-full\" srcset=\"https:\/\/informatik.slotshaven.it\/wordpress\/wp-content\/uploads\/2023\/02\/GoogleForms_SendFormular.png 669w, https:\/\/informatik.slotshaven.it\/wordpress\/wp-content\/uploads\/2023\/02\/GoogleForms_SendFormular-300x165.png 300w\" sizes=\"auto, (max-width: 669px) 100vw, 669px\" \/><\/figure><\/div>\n\n\n\n<h2 class=\"wp-block-heading\" id=\"trin-5-hent-besvarelserne\">Trin 5: Hent besvarelserne<\/h2>\n\n\n\n<p>Besvarelserne l\u00e6gges, efterh\u00e5nden som de kommer ind fra respondenterne, i et regneark (Google Sheet). Hver besvarelse er en r\u00e6kke, som har et tidsstempel, men man kan ikke se hvem der har svaret hvis ikke man udtrykkeligt har bedt om email-adresser eller navne. Sp\u00f8rgsm\u00e5l og svarmuligheder st\u00e5r som s\u00f8jler, der kan behandles matematisk eller grafisk.<\/p>\n\n\n\n<p>Hvis du\/I har specificeret hvilket navngivet regneark, data skal l\u00e6gges ind i, s\u00e5 kan hele gruppen have adgang til svarene. Ellers er det som udgangspunkt kun den, der har oprettet sp\u00f8rgeskemaet, der kan se dem.<\/p>\n\n\n\n<p>Hvis du hellere vil have data ind i Excel eller andre programmer, kan du under Filer -&gt; Download i Google Sheets hente arket med data i mange forskellige formater.<\/p>\n","protected":false},"excerpt":{"rendered":"<p>Google Forms (som p\u00e5 dansk nu hedder Google Analyse) er et v\u00e6rkt\u00f8j til at lave sp\u00f8rgeskemaer, som Google stiller til r\u00e5dighed. Man kan oprette et sp\u00f8rgeskema, hvis man har en Google-konto, og alle med adgang til sp\u00f8rgeskemaet kan svare. Besvarelserne samles op i et Google Sheet (et regneark), og kan tr\u00e6kkes ud og analyseres efter&hellip; <a class=\"more-link\" href=\"https:\/\/informatik.slotshaven.it\/wordpress\/google-forms\/\">L\u00e6s mere <span class=\"screen-reader-text\">Google Forms \/ Google Analyse<\/span><\/a><\/p>\n","protected":false},"author":1,"featured_media":0,"parent":0,"menu_order":0,"comment_status":"closed","ping_status":"closed","template":"","meta":{"footnotes":""},"class_list":["post-456","page","type-page","status-publish","hentry","entry"],"_links":{"self":[{"href":"https:\/\/informatik.slotshaven.it\/wordpress\/wp-json\/wp\/v2\/pages\/456","targetHints":{"allow":["GET"]}}],"collection":[{"href":"https:\/\/informatik.slotshaven.it\/wordpress\/wp-json\/wp\/v2\/pages"}],"about":[{"href":"https:\/\/informatik.slotshaven.it\/wordpress\/wp-json\/wp\/v2\/types\/page"}],"author":[{"embeddable":true,"href":"https:\/\/informatik.slotshaven.it\/wordpress\/wp-json\/wp\/v2\/users\/1"}],"replies":[{"embeddable":true,"href":"https:\/\/informatik.slotshaven.it\/wordpress\/wp-json\/wp\/v2\/comments?post=456"}],"version-history":[{"count":27,"href":"https:\/\/informatik.slotshaven.it\/wordpress\/wp-json\/wp\/v2\/pages\/456\/revisions"}],"predecessor-version":[{"id":733,"href":"https:\/\/informatik.slotshaven.it\/wordpress\/wp-json\/wp\/v2\/pages\/456\/revisions\/733"}],"wp:attachment":[{"href":"https:\/\/informatik.slotshaven.it\/wordpress\/wp-json\/wp\/v2\/media?parent=456"}],"curies":[{"name":"wp","href":"https:\/\/api.w.org\/{rel}","templated":true}]}}