{"id":461,"date":"2022-01-24T12:30:16","date_gmt":"2022-01-24T11:30:16","guid":{"rendered":"https:\/\/informatik.slotshaven.it\/wordpress\/?page_id=461"},"modified":"2023-12-14T12:37:26","modified_gmt":"2023-12-14T11:37:26","slug":"informatik-paa-slotshaven","status":"publish","type":"page","link":"https:\/\/informatik.slotshaven.it\/wordpress\/","title":{"rendered":"IT-fag p\u00e5 Slotshaven"},"content":{"rendered":"\n<h1 class=\"wp-block-heading\">IT-fag p\u00e5 Slotshaven<\/h1>\n\n\n\n<p>P\u00e5 Slotshaven Gymnasium har alle elever et IT-rettet fag p\u00e5 f\u00f8rste \u00e5r. Her optr\u00e6der to forskellige fag: Informatik og Kommunikation\/IT.<\/p>\n\n\n\n<p>Informatik C er obligatorisk i HHX 1. g. P\u00e5 HTX skal skolen v\u00e6lge, om klasserne har Kommunikation\/IT eller Informatik p\u00e5 C-niveau i 1. g. Her p\u00e5 Slotshaven har vi valgt, at <em>alle <\/em>1. g klasser har Informatik C, <em>bortset fra<\/em> de studieretninger, der har Komm\/IT A som studieretningsfag.<\/p>\n\n\n\n<p>Kommunikation\/IT p\u00e5 A-niveau er studieretningsfag i studieretningerne ProKom og KomDes.<\/p>\n\n\n\n<p><a id=\"a1\">Informatik B er et valgfag<\/a>, som udbydes til b\u00e5de HHX og HTX p\u00e5 2. eller 3. \u00e5r, n\u00e5r der er interesse for det. Desuden udbyder skolen ogs\u00e5 valgfaget Programmering C. Programmering B er studieretningsfag, sammen med Komm\/IT A, i ProKom studieretningen.<\/p>\n\n\n\n<p>P\u00e5 sitet her ligger forskellige undervisningsmaterialer samt vejledninger til hvordan elevernes webservere bruges og administreres.<\/p>\n","protected":false},"excerpt":{"rendered":"<p>IT-fag p\u00e5 Slotshaven P\u00e5 Slotshaven Gymnasium har alle elever et IT-rettet fag p\u00e5 f\u00f8rste \u00e5r. Her optr\u00e6der to forskellige fag: Informatik og Kommunikation\/IT. Informatik C er obligatorisk i HHX 1. g. P\u00e5 HTX skal skolen v\u00e6lge, om klasserne har Kommunikation\/IT eller Informatik p\u00e5 C-niveau i 1. g. Her p\u00e5 Slotshaven har vi valgt, at alle&hellip; <a class=\"more-link\" href=\"https:\/\/informatik.slotshaven.it\/wordpress\/\">L\u00e6s mere <span class=\"screen-reader-text\">IT-fag p\u00e5 Slotshaven<\/span><\/a><\/p>\n","protected":false},"author":1,"featured_media":0,"parent":0,"menu_order":0,"comment_status":"closed","ping_status":"closed","template":"","meta":{"footnotes":""},"class_list":["post-461","page","type-page","status-publish","hentry","entry"],"_links":{"self":[{"href":"https:\/\/informatik.slotshaven.it\/wordpress\/wp-json\/wp\/v2\/pages\/461","targetHints":{"allow":["GET"]}}],"collection":[{"href":"https:\/\/informatik.slotshaven.it\/wordpress\/wp-json\/wp\/v2\/pages"}],"about":[{"href":"https:\/\/informatik.slotshaven.it\/wordpress\/wp-json\/wp\/v2\/types\/page"}],"author":[{"embeddable":true,"href":"https:\/\/informatik.slotshaven.it\/wordpress\/wp-json\/wp\/v2\/users\/1"}],"replies":[{"embeddable":true,"href":"https:\/\/informatik.slotshaven.it\/wordpress\/wp-json\/wp\/v2\/comments?post=461"}],"version-history":[{"count":12,"href":"https:\/\/informatik.slotshaven.it\/wordpress\/wp-json\/wp\/v2\/pages\/461\/revisions"}],"predecessor-version":[{"id":776,"href":"https:\/\/informatik.slotshaven.it\/wordpress\/wp-json\/wp\/v2\/pages\/461\/revisions\/776"}],"wp:attachment":[{"href":"https:\/\/informatik.slotshaven.it\/wordpress\/wp-json\/wp\/v2\/media?parent=461"}],"curies":[{"name":"wp","href":"https:\/\/api.w.org\/{rel}","templated":true}]}}