{"id":573,"date":"2022-02-02T07:14:01","date_gmt":"2022-02-02T06:14:01","guid":{"rendered":"https:\/\/informatik.slotshaven.it\/wordpress\/?page_id=573"},"modified":"2026-02-24T12:44:13","modified_gmt":"2026-02-24T11:44:13","slug":"strukturdiagram-med-draw-io","status":"publish","type":"page","link":"https:\/\/informatik.slotshaven.it\/wordpress\/strukturdiagram-med-draw-io\/","title":{"rendered":"Strukturdiagram med draw.io"},"content":{"rendered":"\n<p>Et vigtigt v\u00e6rkt\u00f8j, n\u00e5r man skal planl\u00e6gge et website &#8211; fx i SO1\/SO2 &#8211; er <strong>strukturdiagrammet<\/strong>. Det er vigtigt at holde sig for \u00f8je, at det er et v\u00e6rkt\u00f8j, ikke et m\u00e5l i sig selv: Det skal bruges til at skaffe sig overblik over <strong>et site under udvikling, p\u00e5 et tidligt stadie i udviklingsprocessen<\/strong>.<\/p>\n\n\n\n<p>Strukturdiagrammet er en <strong>plan <\/strong>over hvilke sider, der indg\u00e5r i websitet, og hvordan de h\u00e6nger sammen i navigationen. Det vil sige, at diagrammet skal omfatte samtlige offentlige sider p\u00e5 sitet, som skal vises i det hierarki, som de udg\u00f8r i menuen og anden navigation. Det bliver dermed en slags &#8220;disposition&#8221; for sitet.<\/p>\n\n\n\n<p><strong><a href=\"https:\/\/draw.io\" target=\"_blank\" rel=\"noreferrer noopener\">Draw.io<\/a> <\/strong>er et online v\u00e6rkt\u00f8j til at lave alleh\u00e5nde diagrammer i &#8211; eksempelvis strukturdiagrammer. Desuden kan man eksportere og downloade diagrammerne som grafiske filer, fx .PNG eller .JPG. Draw.io integrerer med blandt andet Google Drev (men er &#8211; forel\u00f8big &#8211; ikke ejet af Google). Man kan s\u00e5ledes gemme og dele sine diagrammer derfra, og man kan s\u00e5dan set ogs\u00e5 arbejde sammen p\u00e5 det samme diagram, lige som i Google Docs. OneDrive virker ogs\u00e5 &#8211; og det har I jo med jeres skole-Office365-licens. <\/p>\n\n\n\n<div class=\"wp-block-media-text alignfull is-stacked-on-mobile\" style=\"grid-template-columns:54% auto\"><figure class=\"wp-block-media-text__media\"><a href=\"https:\/\/informatik.slotshaven.it\/wordpress\" target=\"_blank\" rel=\"noopener\"><img loading=\"lazy\" decoding=\"async\" width=\"1024\" height=\"528\" src=\"https:\/\/informatik.slotshaven.it\/wordpress\/wp-content\/uploads\/2023\/02\/Struk_forside-1024x528.png\" alt=\"\" class=\"wp-image-752 size-full\" srcset=\"https:\/\/informatik.slotshaven.it\/wordpress\/wp-content\/uploads\/2023\/02\/Struk_forside-1024x528.png 1024w, https:\/\/informatik.slotshaven.it\/wordpress\/wp-content\/uploads\/2023\/02\/Struk_forside-300x155.png 300w, https:\/\/informatik.slotshaven.it\/wordpress\/wp-content\/uploads\/2023\/02\/Struk_forside-768x396.png 768w, https:\/\/informatik.slotshaven.it\/wordpress\/wp-content\/uploads\/2023\/02\/Struk_forside.png 1521w\" sizes=\"auto, (max-width: 1024px) 100vw, 1024px\" \/><\/a><\/figure><div class=\"wp-block-media-text__content\">\n<figure class=\"wp-block-image size-full\"><img loading=\"lazy\" decoding=\"async\" width=\"706\" height=\"741\" src=\"https:\/\/informatik.slotshaven.it\/wordpress\/wp-content\/uploads\/2023\/02\/Strukturdiagram.drawio.png\" alt=\"\" class=\"wp-image-754\" srcset=\"https:\/\/informatik.slotshaven.it\/wordpress\/wp-content\/uploads\/2023\/02\/Strukturdiagram.drawio.png 706w, https:\/\/informatik.slotshaven.it\/wordpress\/wp-content\/uploads\/2023\/02\/Strukturdiagram.drawio-286x300.png 286w\" sizes=\"auto, (max-width: 706px) 100vw, 706px\" \/><\/figure>\n<\/div><\/div>\n\n\n\n<p>Her ser du forsiden p\u00e5 dette site, og det tilh\u00f8rende strukturdiagram. Sidefodsmenuen ligger under sk\u00e6rmbilledet, i bunden af siden.<\/p>\n\n\n\n<p>Draw.io er ret hurtigt at bruge, n\u00e5r man lige l\u00e6rer nogle f\u00e5, ret intuitive tricks. Vigtigst er, at n\u00e5r man holder musen hen over en boks, s\u00e5 f\u00e5r man vist nogle pile ud fra de &#8220;ledige&#8221; sider af boksen, og ved at bruge dem kan man meget hurtigt oprette nye bokse og fobindelser.<\/p>\n\n\n\n<h2 class=\"wp-block-heading\">At gemme og eksportere sine diagrammer<\/h2>\n\n\n\n<p>Man arbejder i browseren, og browsere er ikke gode at gemme i. Derfor knytter man som regel et online lager til. Google Drev er en god mulighed &#8211; is\u00e6r hvis man bruger Chrome browseren. Ellers er Microsoft OneDrive ofte nemt at tilknytte. I har alle sammen et OneDrive som en del af den Office-pakke, skolen stiller til r\u00e5dighed for jer.<\/p>\n\n\n\n<p>For at eksportere et <strong>billede<\/strong> af diagrammet g\u00e5r man ind under punktet &#8220;Fil&#8221; i menuen, og v\u00e6lger &#8220;Eksporter som&#8230;&#8221;. Det billedformat, der er bedst til form\u00e5let, hedder PNG, og det smarteste n\u00e5r man skal l\u00e6gge billedet videre ind i WordPress, er at gemme det i &#8220;Download&#8221;, s\u00e5 ligger det p\u00e5 ens egen computer og kan findes nemt.<\/p>\n\n\n\n<figure class=\"wp-block-image size-large\"><img loading=\"lazy\" decoding=\"async\" width=\"1024\" height=\"250\" src=\"https:\/\/informatik.slotshaven.it\/wordpress\/wp-content\/uploads\/2026\/02\/image-1024x250.png\" alt=\"\" class=\"wp-image-906\" srcset=\"https:\/\/informatik.slotshaven.it\/wordpress\/wp-content\/uploads\/2026\/02\/image-1024x250.png 1024w, https:\/\/informatik.slotshaven.it\/wordpress\/wp-content\/uploads\/2026\/02\/image-300x73.png 300w, https:\/\/informatik.slotshaven.it\/wordpress\/wp-content\/uploads\/2026\/02\/image-768x187.png 768w, https:\/\/informatik.slotshaven.it\/wordpress\/wp-content\/uploads\/2026\/02\/image.png 1214w\" sizes=\"auto, (max-width: 1024px) 100vw, 1024px\" \/><\/figure>\n\n\n\n<p id=\"anker1\">Hvis man har mod p\u00e5 at g\u00f8re det lidt avanceret, kan man eventuelt ogs\u00e5 linke direkte til et diagram p\u00e5 en webside, s\u00e5ledes at det altid er opdateret.<\/p>\n","protected":false},"excerpt":{"rendered":"<p>Et vigtigt v\u00e6rkt\u00f8j, n\u00e5r man skal planl\u00e6gge et website &#8211; fx i SO1\/SO2 &#8211; er strukturdiagrammet. Det er vigtigt at holde sig for \u00f8je, at det er et v\u00e6rkt\u00f8j, ikke et m\u00e5l i sig selv: Det skal bruges til at skaffe sig overblik over et site under udvikling, p\u00e5 et tidligt stadie i udviklingsprocessen. Strukturdiagrammet&hellip; <a class=\"more-link\" href=\"https:\/\/informatik.slotshaven.it\/wordpress\/strukturdiagram-med-draw-io\/\">L\u00e6s mere <span class=\"screen-reader-text\">Strukturdiagram med draw.io<\/span><\/a><\/p>\n","protected":false},"author":1,"featured_media":0,"parent":0,"menu_order":0,"comment_status":"closed","ping_status":"closed","template":"","meta":{"footnotes":""},"class_list":["post-573","page","type-page","status-publish","hentry","entry"],"_links":{"self":[{"href":"https:\/\/informatik.slotshaven.it\/wordpress\/wp-json\/wp\/v2\/pages\/573","targetHints":{"allow":["GET"]}}],"collection":[{"href":"https:\/\/informatik.slotshaven.it\/wordpress\/wp-json\/wp\/v2\/pages"}],"about":[{"href":"https:\/\/informatik.slotshaven.it\/wordpress\/wp-json\/wp\/v2\/types\/page"}],"author":[{"embeddable":true,"href":"https:\/\/informatik.slotshaven.it\/wordpress\/wp-json\/wp\/v2\/users\/1"}],"replies":[{"embeddable":true,"href":"https:\/\/informatik.slotshaven.it\/wordpress\/wp-json\/wp\/v2\/comments?post=573"}],"version-history":[{"count":21,"href":"https:\/\/informatik.slotshaven.it\/wordpress\/wp-json\/wp\/v2\/pages\/573\/revisions"}],"predecessor-version":[{"id":910,"href":"https:\/\/informatik.slotshaven.it\/wordpress\/wp-json\/wp\/v2\/pages\/573\/revisions\/910"}],"wp:attachment":[{"href":"https:\/\/informatik.slotshaven.it\/wordpress\/wp-json\/wp\/v2\/media?parent=573"}],"curies":[{"name":"wp","href":"https:\/\/api.w.org\/{rel}","templated":true}]}}