{"id":589,"date":"2022-02-07T09:52:14","date_gmt":"2022-02-07T08:52:14","guid":{"rendered":"https:\/\/informatik.slotshaven.it\/wordpress\/?page_id=589"},"modified":"2022-12-01T14:04:57","modified_gmt":"2022-12-01T13:04:57","slug":"wordpress-tilfoej-bruger","status":"publish","type":"page","link":"https:\/\/informatik.slotshaven.it\/wordpress\/wordpress-tilfoej-bruger\/","title":{"rendered":"WordPress &#8211; tilf\u00f8j bruger"},"content":{"rendered":"\n<p>For at tilf\u00f8je en ny bruger til et WordPress site skal man selv v\u00e6re &#8220;Administrator&#8221;. <\/p>\n\n\n\n<p>I WordPress kontrolpanelet v\u00e6lger man &#8220;Brugere&#8221; -> &#8220;Tilf\u00f8j ny&#8221; og f\u00e5r s\u00e5 denne side:<\/p>\n\n\n<div class=\"lightweight-accordion\"><details><summary class=\"lightweight-accordion-title\"><span>Screenshot: Opret ny bruger<\/span><\/summary><div class=\"lightweight-accordion-body\">\n\n<figure class=\"wp-block-image size-full\"><img loading=\"lazy\" decoding=\"async\" width=\"995\" height=\"979\" src=\"https:\/\/informatik.slotshaven.it\/wordpress\/wp-content\/uploads\/2022\/11\/NyBruger.png\" alt=\"\" class=\"wp-image-619\" srcset=\"https:\/\/informatik.slotshaven.it\/wordpress\/wp-content\/uploads\/2022\/11\/NyBruger.png 995w, https:\/\/informatik.slotshaven.it\/wordpress\/wp-content\/uploads\/2022\/11\/NyBruger-300x295.png 300w, https:\/\/informatik.slotshaven.it\/wordpress\/wp-content\/uploads\/2022\/11\/NyBruger-768x756.png 768w\" sizes=\"auto, (max-width: 995px) 100vw, 995px\" \/><\/figure>\n\n<\/div><\/details><\/div>\n\n\n<p>De to \u00f8verste felter, Brugernavn og E-mail, <em>skal<\/em> udfyldes. Husk at \u00e6ndre Rolle til &#8220;Administrator&#8221;, hvis den nye bruger skal kunne redigere sitet. Adgangskoden b\u00f8r v\u00e6re &#8220;St\u00e6rk&#8221;, som foresl\u00e5et, <strong><em>MEN<\/em><\/strong> det er vigtigt at man selv manuelt kopierer koden ind i en mail eller besked, som kan gives til den nye bruger, eller at man sidder ved siden af hinanden, mens brugeren oprettes.<\/p>\n\n\n\n<h4 class=\"wp-block-heading\" id=\"der-bliver-ikke-sendt-nogen-e-mail-uanset-om-man-beder-om-det-eller-ej-send-brugernotifikation-er-disabled-i-systemet-sammen-med-al-anden-mail\">DER BLIVER IKKE SENDT NOGEN E-MAIL, UANSET OM MAN BEDER OM DET ELLER EJ &#8211; &#8220;Send brugernotifikation&#8221; ER <em>DISABLED<\/em> I SYSTEMET, SAMMEN MED AL ANDEN MAIL !!!<\/h4>\n\n\n\n<p>Det er tr\u00e6ls, men n\u00f8dvendigt. <\/p>\n","protected":false},"excerpt":{"rendered":"<p>For at tilf\u00f8je en ny bruger til et WordPress site skal man selv v\u00e6re &#8220;Administrator&#8221;. I WordPress kontrolpanelet v\u00e6lger man &#8220;Brugere&#8221; -> &#8220;Tilf\u00f8j ny&#8221; og f\u00e5r s\u00e5 denne side: De to \u00f8verste felter, Brugernavn og E-mail, skal udfyldes. Husk at \u00e6ndre Rolle til &#8220;Administrator&#8221;, hvis den nye bruger skal kunne redigere sitet. Adgangskoden b\u00f8r v\u00e6re&hellip; <a class=\"more-link\" href=\"https:\/\/informatik.slotshaven.it\/wordpress\/wordpress-tilfoej-bruger\/\">L\u00e6s mere <span class=\"screen-reader-text\">WordPress &#8211; tilf\u00f8j bruger<\/span><\/a><\/p>\n","protected":false},"author":1,"featured_media":0,"parent":0,"menu_order":0,"comment_status":"closed","ping_status":"closed","template":"","meta":{"footnotes":""},"class_list":["post-589","page","type-page","status-publish","hentry","entry"],"_links":{"self":[{"href":"https:\/\/informatik.slotshaven.it\/wordpress\/wp-json\/wp\/v2\/pages\/589","targetHints":{"allow":["GET"]}}],"collection":[{"href":"https:\/\/informatik.slotshaven.it\/wordpress\/wp-json\/wp\/v2\/pages"}],"about":[{"href":"https:\/\/informatik.slotshaven.it\/wordpress\/wp-json\/wp\/v2\/types\/page"}],"author":[{"embeddable":true,"href":"https:\/\/informatik.slotshaven.it\/wordpress\/wp-json\/wp\/v2\/users\/1"}],"replies":[{"embeddable":true,"href":"https:\/\/informatik.slotshaven.it\/wordpress\/wp-json\/wp\/v2\/comments?post=589"}],"version-history":[{"count":4,"href":"https:\/\/informatik.slotshaven.it\/wordpress\/wp-json\/wp\/v2\/pages\/589\/revisions"}],"predecessor-version":[{"id":704,"href":"https:\/\/informatik.slotshaven.it\/wordpress\/wp-json\/wp\/v2\/pages\/589\/revisions\/704"}],"wp:attachment":[{"href":"https:\/\/informatik.slotshaven.it\/wordpress\/wp-json\/wp\/v2\/media?parent=589"}],"curies":[{"name":"wp","href":"https:\/\/api.w.org\/{rel}","templated":true}]}}