{"id":736,"date":"2023-02-02T06:12:25","date_gmt":"2023-02-02T05:12:25","guid":{"rendered":"https:\/\/informatik.slotshaven.it\/wordpress\/?page_id=736"},"modified":"2023-12-14T12:38:18","modified_gmt":"2023-12-14T11:38:18","slug":"tips-og-tricks","status":"publish","type":"page","link":"https:\/\/informatik.slotshaven.it\/wordpress\/tips-og-tricks\/","title":{"rendered":"Tips og v\u00e6rkt\u00f8jer"},"content":{"rendered":"\n<p>Herunder er en r\u00e6kke sider som hver is\u00e6r beskriver nogle af de v\u00e6rkt\u00f8jer vi bruger i Informatik C, samt nogle med gode r\u00e5d og tricks, ikke mindst til Mac-brugere. Brugen af WordPress st\u00e5r der ikke noget om her, det har sit eget menupunkt. Hvis der er noget, du synes du mangler og godt kunne t\u00e6nke dig en side om, eller hvis du finder fejl eller for\u00e6ldede oplysninger, s\u00e5 send en besked p\u00e5 Lectio til Erik Lund (erl).<\/p>\n\n\n\n<ul class=\"wp-block-list\">\n<li><a href=\"https:\/\/informatik.slotshaven.it\/wordpress\/strukturdiagram-med-draw-io\/\" data-type=\"page\" data-id=\"573\">Strukturdiagram med Draw.io<\/a><\/li>\n\n\n\n<li><a href=\"https:\/\/informatik.slotshaven.it\/wordpress\/google-forms\/\" data-type=\"page\" data-id=\"456\">Google Forms<\/a><\/li>\n\n\n\n<li><a href=\"https:\/\/informatik.slotshaven.it\/wordpress\/mac-tricks\/\" data-type=\"page\" data-id=\"140\">Tips og tricks for Mac-brugere<\/a><\/li>\n<\/ul>\n","protected":false},"excerpt":{"rendered":"<p>Herunder er en r\u00e6kke sider som hver is\u00e6r beskriver nogle af de v\u00e6rkt\u00f8jer vi bruger i Informatik C, samt nogle med gode r\u00e5d og tricks, ikke mindst til Mac-brugere. Brugen af WordPress st\u00e5r der ikke noget om her, det har sit eget menupunkt. Hvis der er noget, du synes du mangler og godt kunne t\u00e6nke&hellip; <a class=\"more-link\" href=\"https:\/\/informatik.slotshaven.it\/wordpress\/tips-og-tricks\/\">L\u00e6s mere <span class=\"screen-reader-text\">Tips og v\u00e6rkt\u00f8jer<\/span><\/a><\/p>\n","protected":false},"author":1,"featured_media":0,"parent":0,"menu_order":0,"comment_status":"closed","ping_status":"closed","template":"","meta":{"footnotes":""},"class_list":["post-736","page","type-page","status-publish","hentry","entry"],"_links":{"self":[{"href":"https:\/\/informatik.slotshaven.it\/wordpress\/wp-json\/wp\/v2\/pages\/736","targetHints":{"allow":["GET"]}}],"collection":[{"href":"https:\/\/informatik.slotshaven.it\/wordpress\/wp-json\/wp\/v2\/pages"}],"about":[{"href":"https:\/\/informatik.slotshaven.it\/wordpress\/wp-json\/wp\/v2\/types\/page"}],"author":[{"embeddable":true,"href":"https:\/\/informatik.slotshaven.it\/wordpress\/wp-json\/wp\/v2\/users\/1"}],"replies":[{"embeddable":true,"href":"https:\/\/informatik.slotshaven.it\/wordpress\/wp-json\/wp\/v2\/comments?post=736"}],"version-history":[{"count":2,"href":"https:\/\/informatik.slotshaven.it\/wordpress\/wp-json\/wp\/v2\/pages\/736\/revisions"}],"predecessor-version":[{"id":739,"href":"https:\/\/informatik.slotshaven.it\/wordpress\/wp-json\/wp\/v2\/pages\/736\/revisions\/739"}],"wp:attachment":[{"href":"https:\/\/informatik.slotshaven.it\/wordpress\/wp-json\/wp\/v2\/media?parent=736"}],"curies":[{"name":"wp","href":"https:\/\/api.w.org\/{rel}","templated":true}]}}