{"id":876,"date":"2024-05-29T10:25:36","date_gmt":"2024-05-29T08:25:36","guid":{"rendered":"https:\/\/informatik.slotshaven.it\/wordpress\/?page_id=876"},"modified":"2024-05-29T11:08:14","modified_gmt":"2024-05-29T09:08:14","slug":"indlejring-af-egne-p5-animationer","status":"publish","type":"page","link":"https:\/\/informatik.slotshaven.it\/wordpress\/indlejring-af-egne-p5-animationer\/","title":{"rendered":"Indlejring af egne P5 animationer"},"content":{"rendered":"\n<p>Hvis man skal vise sine egne P5 animationer p\u00e5 sin WordPress blog, skal man uploade animationen til en server, og dern\u00e6st bruge en s\u00e5kaldt &lt;iframe&gt;. Den inds\u00e6ttes i en blok, der kaldes &#8220;Tilpasset HTML&#8221; (eller man kan v\u00e6lge at almindelig afsnitsblok og s\u00e5 v\u00e6lge, p\u00e5 prikkerne til h\u00f8jre i blok-menuen, at &#8220;redigere som HTML&#8221;. Det skal se s\u00e5ledes ud (med den rigtige URL og en passende h\u00f8jde og bredde&#8230;)<\/p>\n\n\n\n<pre class=\"wp-block-code\"><code>&lt;figure>&lt;iframe src=\"https:\/\/x23-so2gruppe5.slotshaven.it\/7_arrays\" scrolling=\"no\" width=\"600px\" height=\"600px\">&lt;\/iframe>&lt;\/figure><\/code><\/pre>\n\n\n\n<figure><iframe loading=\"lazy\" src=\"https:\/\/x23-so2gruppe5.slotshaven.it\/7_arrays\" scrolling=\"no\" width=\"600px\" height=\"600px\" frameborder=\"0\"><\/iframe><\/figure>\n","protected":false},"excerpt":{"rendered":"<p>Hvis man skal vise sine egne P5 animationer p\u00e5 sin WordPress blog, skal man uploade animationen til en server, og dern\u00e6st bruge en s\u00e5kaldt &lt;iframe&gt;. Den inds\u00e6ttes i en blok, der kaldes &#8220;Tilpasset HTML&#8221; (eller man kan v\u00e6lge at almindelig afsnitsblok og s\u00e5 v\u00e6lge, p\u00e5 prikkerne til h\u00f8jre i blok-menuen, at &#8220;redigere som HTML&#8221;. Det&hellip; <a class=\"more-link\" href=\"https:\/\/informatik.slotshaven.it\/wordpress\/indlejring-af-egne-p5-animationer\/\">L\u00e6s mere <span class=\"screen-reader-text\">Indlejring af egne P5 animationer<\/span><\/a><\/p>\n","protected":false},"author":1,"featured_media":0,"parent":0,"menu_order":0,"comment_status":"closed","ping_status":"closed","template":"","meta":{"footnotes":""},"class_list":["post-876","page","type-page","status-publish","hentry","entry"],"_links":{"self":[{"href":"https:\/\/informatik.slotshaven.it\/wordpress\/wp-json\/wp\/v2\/pages\/876","targetHints":{"allow":["GET"]}}],"collection":[{"href":"https:\/\/informatik.slotshaven.it\/wordpress\/wp-json\/wp\/v2\/pages"}],"about":[{"href":"https:\/\/informatik.slotshaven.it\/wordpress\/wp-json\/wp\/v2\/types\/page"}],"author":[{"embeddable":true,"href":"https:\/\/informatik.slotshaven.it\/wordpress\/wp-json\/wp\/v2\/users\/1"}],"replies":[{"embeddable":true,"href":"https:\/\/informatik.slotshaven.it\/wordpress\/wp-json\/wp\/v2\/comments?post=876"}],"version-history":[{"count":11,"href":"https:\/\/informatik.slotshaven.it\/wordpress\/wp-json\/wp\/v2\/pages\/876\/revisions"}],"predecessor-version":[{"id":890,"href":"https:\/\/informatik.slotshaven.it\/wordpress\/wp-json\/wp\/v2\/pages\/876\/revisions\/890"}],"wp:attachment":[{"href":"https:\/\/informatik.slotshaven.it\/wordpress\/wp-json\/wp\/v2\/media?parent=876"}],"curies":[{"name":"wp","href":"https:\/\/api.w.org\/{rel}","templated":true}]}}